{"id":70,"date":"2025-05-22T10:24:08","date_gmt":"2025-05-22T08:24:08","guid":{"rendered":"https:\/\/xn--terre-sculpte-terre-modele-mlcn.fr\/?page_id=70"},"modified":"2025-05-29T11:16:44","modified_gmt":"2025-05-29T09:16:44","slug":"contact","status":"publish","type":"page","link":"https:\/\/xn--terre-sculpte-terre-modele-mlcn.fr\/?page_id=70","title":{"rendered":"Contact"},"content":{"rendered":"\n<div class=\"wp-block-group alignfull is-style-section-1 has-global-padding is-content-justification-center is-layout-constrained wp-block-group-is-layout-constrained is-style-section-1--1\" style=\"margin-top:0;margin-bottom:0;padding-top:var(--wp--preset--spacing--50);padding-bottom:var(--wp--preset--spacing--50)\">\n<div class=\"wp-block-columns alignwide is-layout-flex wp-container-core-columns-is-layout-47c06fe3 wp-block-columns-is-layout-flex\">\n<div class=\"wp-block-column is-vertically-aligned-top is-layout-flow wp-block-column-is-layout-flow\">\n<div class=\"wp-block-group is-vertical is-content-justification-stretch is-layout-flex wp-container-core-group-is-layout-4781e296 wp-block-group-is-layout-flex\" style=\"min-height:100%\">\n<p class=\"has-x-large-font-size\" style=\"font-style:normal;font-weight:600\">Atelier Terre Sculpt\u00e9e Terre Model\u00e9e<\/p>\n\n\n\n<p class=\"has-medium-font-size\">anim\u00e9 par Marie-Jeanne Grandin<\/p>\n\n\n\n<p class=\"is-style-text-display has-x-large-font-size is-style-text-display--2\" style=\"font-style:normal;font-weight:600\">17 Bis, Impasse du Parc<br>91100 Corbeil-Essonnes<\/p>\n\n\n\n<p>Tel: 06.03.71.50.29<\/p>\n\n\n\n<p class=\"has-medium-font-size\" style=\"text-transform:uppercase\"><a href=\"https:\/\/www.google.com\/maps\/place\/17+Bis+Imp.+du+Parc,+91100+Corbeil-Essonnes\/@48.6037645,2.4690081,17z\/data=!3m1!4b1!4m6!3m5!1s0x47e5e72f0a99695b:0x54257cdc95802dea!8m2!3d48.603761!4d2.471583!16s%2Fg%2F11txj0bwwl?entry=ttu&amp;g_ep=EgoyMDI1MDUyMS4wIKXMDSoASAFQAw%3D%3D\" data-type=\"link\" data-id=\"https:\/\/www.google.com\/maps\/place\/17+Bis+Imp.+du+Parc,+91100+Corbeil-Essonnes\/@48.6037645,2.4690081,17z\/data=!3m1!4b1!4m6!3m5!1s0x47e5e72f0a99695b:0x54257cdc95802dea!8m2!3d48.603761!4d2.471583!16s%2Fg%2F11txj0bwwl?entry=ttu&amp;g_ep=EgoyMDI1MDUyMS4wIKXMDSoASAFQAw%3D%3D\">Obtenir l\u2019itin\u00e9raire<\/a><\/p>\n<\/div>\n<\/div>\n\n\n\n<div class=\"wp-block-column is-vertically-aligned-top is-layout-flow wp-block-column-is-layout-flow\"><div class='wpgmza_map_wrapper'><div id=\"wpgmza_map_block_1\" class=\"wpgmza_map wpgmza_standalone_map_block wpgmza-auto-center\" style=\"display:block;width:100%;height:400px;overflow:hidden;position:relative;\" data-maps-engine=\"open-layers\" data-build-engine=\"standalone-block\" data-icon=\"https:\/\/xn--terre-sculpte-terre-modele-mlcn.fr\/wp-content\/plugins\/wp-go-maps-block\/images\/icon.png\" data-lat=\"48.6038781\" data-lng=\"2.4716163\" data-zoom=\"11\" data-address=\"17 bis, Impasse du Parc, Corbeil-Essonnes, \u00c9vry, Essonne, France m\u00e9tropolitaine, 91100, France\" data-infowindow-mode=\"click\" ><\/div><\/div><\/div>\n<\/div>\n<\/div>\n\n\n\n<div class=\"wp-block-contact-form-7-contact-form-selector\">\n<div class=\"wpcf7 no-js\" id=\"wpcf7-f93-o1\" lang=\"fr-FR\" dir=\"ltr\" data-wpcf7-id=\"93\">\n<div class=\"screen-reader-response\"><p role=\"status\" aria-live=\"polite\" aria-atomic=\"true\"><\/p> <ul><\/ul><\/div>\n<form action=\"\/index.php?rest_route=%2Fwp%2Fv2%2Fpages%2F70#wpcf7-f93-o1\" method=\"post\" class=\"wpcf7-form init\" aria-label=\"Formulaire de contact\" novalidate=\"novalidate\" data-status=\"init\">\n<div style=\"display: none;\">\n<input type=\"hidden\" name=\"_wpcf7\" value=\"93\" \/>\n<input type=\"hidden\" name=\"_wpcf7_version\" value=\"6.0.6\" \/>\n<input type=\"hidden\" name=\"_wpcf7_locale\" value=\"fr_FR\" \/>\n<input type=\"hidden\" name=\"_wpcf7_unit_tag\" value=\"wpcf7-f93-o1\" \/>\n<input type=\"hidden\" name=\"_wpcf7_container_post\" value=\"0\" \/>\n<input type=\"hidden\" name=\"_wpcf7_posted_data_hash\" value=\"\" \/>\n<\/div>\n<p><label> Nom et pr\u00e9nom<br \/>\n<span class=\"wpcf7-form-control-wrap\" data-name=\"your-name\"><input size=\"40\" maxlength=\"400\" class=\"wpcf7-form-control wpcf7-text wpcf7-validates-as-required\" autocomplete=\"name\" aria-required=\"true\" aria-invalid=\"false\" value=\"\" type=\"text\" name=\"your-name\" \/><\/span> <\/label>\n<\/p>\n<p><label> Adresse mail<br \/>\n<span class=\"wpcf7-form-control-wrap\" data-name=\"your-email\"><input size=\"40\" maxlength=\"400\" class=\"wpcf7-form-control wpcf7-email wpcf7-validates-as-required wpcf7-text wpcf7-validates-as-email\" autocomplete=\"email\" aria-required=\"true\" aria-invalid=\"false\" value=\"\" type=\"email\" name=\"your-email\" \/><\/span> <\/label>\n<\/p>\n<p><label> Objet<br \/>\n<span class=\"wpcf7-form-control-wrap\" data-name=\"your-subject\"><input size=\"40\" maxlength=\"400\" class=\"wpcf7-form-control wpcf7-text wpcf7-validates-as-required\" aria-required=\"true\" aria-invalid=\"false\" value=\"\" type=\"text\" name=\"your-subject\" \/><\/span> <\/label>\n<\/p>\n<p><label> Votre message<br \/>\n<span class=\"wpcf7-form-control-wrap\" data-name=\"your-message\"><textarea cols=\"40\" rows=\"10\" maxlength=\"2000\" class=\"wpcf7-form-control wpcf7-textarea\" aria-invalid=\"false\" name=\"your-message\"><\/textarea><\/span> <\/label>\n<\/p>\n<p><input class=\"wpcf7-form-control wpcf7-submit has-spinner\" type=\"submit\" value=\"Envoyer\" \/>\n<\/p><div class=\"wpcf7-response-output\" aria-hidden=\"true\"><\/div>\n<\/form>\n<\/div>\n<\/div>\n\n\n\n<p><\/p>\n","protected":false},"excerpt":{"rendered":"<p>Atelier Terre Sculpt\u00e9e Terre Model\u00e9e anim\u00e9 par Marie-Jeanne Grandin 17 Bis, Impasse du Parc91100 Corbeil-Essonnes Tel: 06.03.71.50.29 Obtenir l\u2019itin\u00e9raire<\/p>\n","protected":false},"author":1,"featured_media":0,"parent":0,"menu_order":0,"comment_status":"closed","ping_status":"closed","template":"page-no-title","meta":{"footnotes":""},"class_list":["post-70","page","type-page","status-publish","hentry"],"_links":{"self":[{"href":"https:\/\/xn--terre-sculpte-terre-modele-mlcn.fr\/index.php?rest_route=\/wp\/v2\/pages\/70","targetHints":{"allow":["GET"]}}],"collection":[{"href":"https:\/\/xn--terre-sculpte-terre-modele-mlcn.fr\/index.php?rest_route=\/wp\/v2\/pages"}],"about":[{"href":"https:\/\/xn--terre-sculpte-terre-modele-mlcn.fr\/index.php?rest_route=\/wp\/v2\/types\/page"}],"author":[{"embeddable":true,"href":"https:\/\/xn--terre-sculpte-terre-modele-mlcn.fr\/index.php?rest_route=\/wp\/v2\/users\/1"}],"replies":[{"embeddable":true,"href":"https:\/\/xn--terre-sculpte-terre-modele-mlcn.fr\/index.php?rest_route=%2Fwp%2Fv2%2Fcomments&post=70"}],"version-history":[{"count":7,"href":"https:\/\/xn--terre-sculpte-terre-modele-mlcn.fr\/index.php?rest_route=\/wp\/v2\/pages\/70\/revisions"}],"predecessor-version":[{"id":308,"href":"https:\/\/xn--terre-sculpte-terre-modele-mlcn.fr\/index.php?rest_route=\/wp\/v2\/pages\/70\/revisions\/308"}],"wp:attachment":[{"href":"https:\/\/xn--terre-sculpte-terre-modele-mlcn.fr\/index.php?rest_route=%2Fwp%2Fv2%2Fmedia&parent=70"}],"curies":[{"name":"wp","href":"https:\/\/api.w.org\/{rel}","templated":true}]}}