{"id":32,"date":"2025-05-20T17:50:02","date_gmt":"2025-05-20T15:50:02","guid":{"rendered":"https:\/\/xn--terre-sculpte-terre-modele-mlcn.fr\/?page_id=32"},"modified":"2025-06-04T09:14:11","modified_gmt":"2025-06-04T07:14:11","slug":"xxx","status":"publish","type":"page","link":"https:\/\/xn--terre-sculpte-terre-modele-mlcn.fr\/?page_id=32","title":{"rendered":"Stage"},"content":{"rendered":"\n<div class=\"wp-block-cover alignfull is-light has-custom-content-position is-position-top-left\" style=\"margin-top:0;padding-top:5vw;padding-right:5vw;padding-bottom:5vw;padding-left:5vw;min-height:50vh;aspect-ratio:unset;\"><img loading=\"lazy\" decoding=\"async\" width=\"1024\" height=\"576\" class=\"wp-block-cover__image-background wp-image-163 size-large\" alt=\"\" src=\"https:\/\/xn--terre-sculpte-terre-modele-mlcn.fr\/wp-content\/uploads\/2025\/05\/stagephoto-1024x576.jpg\" style=\"object-position:55% 53%\" data-object-fit=\"cover\" data-object-position=\"55% 53%\" srcset=\"https:\/\/xn--terre-sculpte-terre-modele-mlcn.fr\/wp-content\/uploads\/2025\/05\/stagephoto-1024x576.jpg 1024w, https:\/\/xn--terre-sculpte-terre-modele-mlcn.fr\/wp-content\/uploads\/2025\/05\/stagephoto-300x169.jpg 300w, https:\/\/xn--terre-sculpte-terre-modele-mlcn.fr\/wp-content\/uploads\/2025\/05\/stagephoto-768x432.jpg 768w, https:\/\/xn--terre-sculpte-terre-modele-mlcn.fr\/wp-content\/uploads\/2025\/05\/stagephoto-1536x864.jpg 1536w, https:\/\/xn--terre-sculpte-terre-modele-mlcn.fr\/wp-content\/uploads\/2025\/05\/stagephoto-2048x1152.jpg 2048w\" sizes=\"auto, (max-width: 1024px) 100vw, 1024px\" \/><span aria-hidden=\"true\" class=\"wp-block-cover__background has-background-dim-0 has-background-dim\" style=\"background-color:#141414\"><\/span><div class=\"wp-block-cover__inner-container is-layout-flow wp-block-cover-is-layout-flow\">\n<div class=\"wp-block-group wp-container-content-9cfa9a5a is-vertical is-nowrap is-layout-flex wp-container-core-group-is-layout-2890af74 wp-block-group-is-layout-flex\">\n<p><\/p>\n<\/div>\n<\/div><\/div>\n\n\n\n<div class=\"wp-block-cover alignfull is-light\" style=\"min-height:361px;aspect-ratio:unset;\"><span aria-hidden=\"true\" class=\"wp-block-cover__background has-background-dim-100 has-background-dim\" style=\"background-color:#ffffff\"><\/span><div class=\"wp-block-cover__inner-container is-layout-flow wp-block-cover-is-layout-flow\">\n<div class=\"wp-block-media-text alignwide is-stacked-on-mobile is-vertically-aligned-center is-image-fill-element\" style=\"grid-template-columns:56% auto\"><figure class=\"wp-block-media-text__media\"><img loading=\"lazy\" decoding=\"async\" width=\"683\" height=\"1024\" src=\"https:\/\/xn--terre-sculpte-terre-modele-mlcn.fr\/wp-content\/uploads\/2025\/05\/stage-683x1024.png\" alt=\"\" class=\"wp-image-173 size-full\" style=\"object-position:46% 70%\" srcset=\"https:\/\/xn--terre-sculpte-terre-modele-mlcn.fr\/wp-content\/uploads\/2025\/05\/stage-683x1024.png 683w, https:\/\/xn--terre-sculpte-terre-modele-mlcn.fr\/wp-content\/uploads\/2025\/05\/stage-200x300.png 200w, https:\/\/xn--terre-sculpte-terre-modele-mlcn.fr\/wp-content\/uploads\/2025\/05\/stage-768x1152.png 768w, https:\/\/xn--terre-sculpte-terre-modele-mlcn.fr\/wp-content\/uploads\/2025\/05\/stage.png 1024w\" sizes=\"auto, (max-width: 683px) 100vw, 683px\" \/><\/figure><div class=\"wp-block-media-text__content\">\n<h2 class=\"wp-block-heading has-text-color\" style=\"color:#000000;font-size:clamp(20px, 1.25rem + ((1vw - 3.2px) * 1.176), 32px);\"><strong>Stage d&rsquo;initiation au modelage<\/strong><\/h2>\n\n\n\n<p class=\"has-text-color\" style=\"color:#000000;font-size:clamp(14px, 0.875rem + ((1vw - 3.2px) * 0.294), 17px);\">Le modelage est la base de la sculpture : durant ce stage de 5 jours,&nbsp;vous appr\u00e9hendez les volumes, les techniques, les contraintes du mat\u00e9riau et les r\u00e8gles du feu \u00e0 travers la cr\u00e9ation d&rsquo;une pi\u00e8ce. Le stage a lieu \u00e0 Corbeil-Essonnes.<\/p>\n<\/div><\/div>\n<\/div><\/div>\n\n\n\n<div class=\"wp-block-group alignfull has-global-padding is-layout-constrained wp-block-group-is-layout-constrained\" style=\"margin-top:0;margin-bottom:0;padding-top:var(--wp--preset--spacing--60);padding-bottom:var(--wp--preset--spacing--60)\">\n<div class=\"wp-block-columns alignwide is-layout-flex wp-container-core-columns-is-layout-28f84493 wp-block-columns-is-layout-flex\">\n<div class=\"wp-block-column is-layout-flow wp-block-column-is-layout-flow\">\n<h2 class=\"wp-block-heading is-style-default\" style=\"font-style:normal;font-weight:600\">Dates des stages \u00e9t\u00e9 2025<\/h2>\n\n\n\n<figure class=\"wp-block-table is-style-stripes has-medium-font-size\" style=\"font-style:normal;font-weight:500\"><table class=\"has-fixed-layout\"><tbody><tr><td>07 au 11 juillet 2025<\/td><\/tr><tr><td>14 au 18 juillet 2025<\/td><\/tr><tr><td>21 au 25 juillet 2025<\/td><\/tr><tr><td>28 juillet au 1 ao\u00fbt 2025<\/td><\/tr><\/tbody><\/table><\/figure>\n\n\n\n<h2 class=\"wp-block-heading has-medium-font-size\">Horaires : <\/h2>\n\n\n\n<figure class=\"wp-block-table is-style-stripes has-medium-font-size\" style=\"font-style:normal;font-weight:500\"><table class=\"has-fixed-layout\"><tbody><tr><td>Matin\u00e9e : 9h30 &#8211; 12h30<\/td><\/tr><tr><td>Apr\u00e8s-midi : 14h30 &#8211; 17h30<\/td><\/tr><\/tbody><\/table><\/figure>\n\n\n\n<p class=\"has-medium-font-size\" style=\"font-style:normal;font-weight:400\">Tarif : 225\u20ac pour les 5 jours (3h\/jour)<\/p>\n\n\n\n<h2 class=\"wp-block-heading has-medium-font-size\" style=\"font-style:normal;font-weight:400\">Renseignements et inscription<\/h2>\n\n\n\n<div class=\"wp-block-buttons is-layout-flex wp-block-buttons-is-layout-flex\">\n<div class=\"wp-block-button\"><a class=\"wp-block-button__link wp-element-button\" href=\"https:\/\/xn--terre-sculpte-terre-modele-mlcn.fr\/?page_id=70\">Contactez-moi pour le stage<\/a><\/div>\n<\/div>\n\n\n\n<p class=\"has-small-font-size\" style=\"font-style:normal;font-weight:500;line-height:1\">Le stage se d\u00e9roulera \u00e0 Corbeil-Essonnes en ext\u00e9rieur (jardin arbor\u00e9)<\/p>\n<\/div>\n\n\n\n<div class=\"wp-block-column is-layout-flow wp-block-column-is-layout-flow\">\n<div class=\"wp-block-group is-layout-grid wp-container-core-group-is-layout-b757edec wp-block-group-is-layout-grid\">\n<figure class=\"wp-block-image size-full\"><img loading=\"lazy\" decoding=\"async\" width=\"1920\" height=\"2560\" src=\"https:\/\/xn--terre-sculpte-terre-modele-mlcn.fr\/wp-content\/uploads\/2025\/06\/Atelier-Preparation-de-patines-scaled.jpg\" alt=\"\" class=\"wp-image-317\" style=\"aspect-ratio:1;object-fit:cover\" srcset=\"https:\/\/xn--terre-sculpte-terre-modele-mlcn.fr\/wp-content\/uploads\/2025\/06\/Atelier-Preparation-de-patines-scaled.jpg 1920w, https:\/\/xn--terre-sculpte-terre-modele-mlcn.fr\/wp-content\/uploads\/2025\/06\/Atelier-Preparation-de-patines-225x300.jpg 225w, https:\/\/xn--terre-sculpte-terre-modele-mlcn.fr\/wp-content\/uploads\/2025\/06\/Atelier-Preparation-de-patines-768x1024.jpg 768w, https:\/\/xn--terre-sculpte-terre-modele-mlcn.fr\/wp-content\/uploads\/2025\/06\/Atelier-Preparation-de-patines-1152x1536.jpg 1152w, https:\/\/xn--terre-sculpte-terre-modele-mlcn.fr\/wp-content\/uploads\/2025\/06\/Atelier-Preparation-de-patines-1536x2048.jpg 1536w\" sizes=\"auto, (max-width: 1920px) 100vw, 1920px\" \/><\/figure>\n\n\n\n<figure class=\"wp-block-image size-full\"><img loading=\"lazy\" decoding=\"async\" width=\"1040\" height=\"780\" src=\"https:\/\/xn--terre-sculpte-terre-modele-mlcn.fr\/wp-content\/uploads\/2025\/05\/img15_gal.jpg\" alt=\"\" class=\"wp-image-194\" style=\"aspect-ratio:1;object-fit:cover\" srcset=\"https:\/\/xn--terre-sculpte-terre-modele-mlcn.fr\/wp-content\/uploads\/2025\/05\/img15_gal.jpg 1040w, https:\/\/xn--terre-sculpte-terre-modele-mlcn.fr\/wp-content\/uploads\/2025\/05\/img15_gal-300x225.jpg 300w, https:\/\/xn--terre-sculpte-terre-modele-mlcn.fr\/wp-content\/uploads\/2025\/05\/img15_gal-1024x768.jpg 1024w, https:\/\/xn--terre-sculpte-terre-modele-mlcn.fr\/wp-content\/uploads\/2025\/05\/img15_gal-768x576.jpg 768w\" sizes=\"auto, (max-width: 1040px) 100vw, 1040px\" \/><\/figure>\n\n\n\n<figure class=\"wp-block-image size-full\"><img loading=\"lazy\" decoding=\"async\" width=\"1500\" height=\"1500\" src=\"https:\/\/xn--terre-sculpte-terre-modele-mlcn.fr\/wp-content\/uploads\/2025\/05\/img005_gal.png\" alt=\"\" class=\"wp-image-181\" style=\"aspect-ratio:1;object-fit:cover\" srcset=\"https:\/\/xn--terre-sculpte-terre-modele-mlcn.fr\/wp-content\/uploads\/2025\/05\/img005_gal.png 1500w, https:\/\/xn--terre-sculpte-terre-modele-mlcn.fr\/wp-content\/uploads\/2025\/05\/img005_gal-300x300.png 300w, https:\/\/xn--terre-sculpte-terre-modele-mlcn.fr\/wp-content\/uploads\/2025\/05\/img005_gal-1024x1024.png 1024w, https:\/\/xn--terre-sculpte-terre-modele-mlcn.fr\/wp-content\/uploads\/2025\/05\/img005_gal-150x150.png 150w, https:\/\/xn--terre-sculpte-terre-modele-mlcn.fr\/wp-content\/uploads\/2025\/05\/img005_gal-768x768.png 768w\" sizes=\"auto, (max-width: 1500px) 100vw, 1500px\" \/><\/figure>\n\n\n\n<figure class=\"wp-block-image size-full\"><img loading=\"lazy\" decoding=\"async\" width=\"1920\" height=\"2560\" src=\"https:\/\/xn--terre-sculpte-terre-modele-mlcn.fr\/wp-content\/uploads\/2025\/05\/img13_gal-scaled.jpg\" alt=\"\" class=\"wp-image-191\" style=\"aspect-ratio:1;object-fit:cover\" srcset=\"https:\/\/xn--terre-sculpte-terre-modele-mlcn.fr\/wp-content\/uploads\/2025\/05\/img13_gal-scaled.jpg 1920w, https:\/\/xn--terre-sculpte-terre-modele-mlcn.fr\/wp-content\/uploads\/2025\/05\/img13_gal-225x300.jpg 225w, https:\/\/xn--terre-sculpte-terre-modele-mlcn.fr\/wp-content\/uploads\/2025\/05\/img13_gal-768x1024.jpg 768w, https:\/\/xn--terre-sculpte-terre-modele-mlcn.fr\/wp-content\/uploads\/2025\/05\/img13_gal-1152x1536.jpg 1152w, https:\/\/xn--terre-sculpte-terre-modele-mlcn.fr\/wp-content\/uploads\/2025\/05\/img13_gal-1536x2048.jpg 1536w\" sizes=\"auto, (max-width: 1920px) 100vw, 1920px\" \/><\/figure>\n<\/div>\n<\/div>\n<\/div>\n<\/div>\n\n\n\n<p><\/p>\n","protected":false},"excerpt":{"rendered":"<p>Dates des stages \u00e9t\u00e9 2025 07 au 11 juillet 2025 14 au 18 juillet 2025 21 au 25 juillet 2025 28 juillet au 1 ao\u00fbt 2025 Horaires : Matin\u00e9e : 9h30 &#8211; 12h30 Apr\u00e8s-midi : 14h30 &#8211; 17h30 Tarif : 225\u20ac pour les 5 jours (3h\/jour) Renseignements et inscription Le stage se d\u00e9roulera \u00e0 Corbeil-Essonnes [&hellip;]<\/p>\n","protected":false},"author":1,"featured_media":0,"parent":7,"menu_order":0,"comment_status":"closed","ping_status":"closed","template":"page-no-title","meta":{"footnotes":""},"class_list":["post-32","page","type-page","status-publish","hentry"],"_links":{"self":[{"href":"https:\/\/xn--terre-sculpte-terre-modele-mlcn.fr\/index.php?rest_route=\/wp\/v2\/pages\/32","targetHints":{"allow":["GET"]}}],"collection":[{"href":"https:\/\/xn--terre-sculpte-terre-modele-mlcn.fr\/index.php?rest_route=\/wp\/v2\/pages"}],"about":[{"href":"https:\/\/xn--terre-sculpte-terre-modele-mlcn.fr\/index.php?rest_route=\/wp\/v2\/types\/page"}],"author":[{"embeddable":true,"href":"https:\/\/xn--terre-sculpte-terre-modele-mlcn.fr\/index.php?rest_route=\/wp\/v2\/users\/1"}],"replies":[{"embeddable":true,"href":"https:\/\/xn--terre-sculpte-terre-modele-mlcn.fr\/index.php?rest_route=%2Fwp%2Fv2%2Fcomments&post=32"}],"version-history":[{"count":34,"href":"https:\/\/xn--terre-sculpte-terre-modele-mlcn.fr\/index.php?rest_route=\/wp\/v2\/pages\/32\/revisions"}],"predecessor-version":[{"id":320,"href":"https:\/\/xn--terre-sculpte-terre-modele-mlcn.fr\/index.php?rest_route=\/wp\/v2\/pages\/32\/revisions\/320"}],"up":[{"embeddable":true,"href":"https:\/\/xn--terre-sculpte-terre-modele-mlcn.fr\/index.php?rest_route=\/wp\/v2\/pages\/7"}],"wp:attachment":[{"href":"https:\/\/xn--terre-sculpte-terre-modele-mlcn.fr\/index.php?rest_route=%2Fwp%2Fv2%2Fmedia&parent=32"}],"curies":[{"name":"wp","href":"https:\/\/api.w.org\/{rel}","templated":true}]}}