{"id":25,"date":"2025-05-20T17:30:53","date_gmt":"2025-05-20T15:30:53","guid":{"rendered":"https:\/\/xn--terre-sculpte-terre-modele-mlcn.fr\/?page_id=25"},"modified":"2025-05-28T10:48:58","modified_gmt":"2025-05-28T08:48:58","slug":"mon-parcours","status":"publish","type":"page","link":"https:\/\/xn--terre-sculpte-terre-modele-mlcn.fr\/?page_id=25","title":{"rendered":"Mon parcours"},"content":{"rendered":"\n<div class=\"wp-block-cover alignfull is-light has-custom-content-position is-position-top-left\" style=\"margin-top:0;padding-top:5vw;padding-right:5vw;padding-bottom:5vw;padding-left:5vw;min-height:50vh;aspect-ratio:unset;\"><img loading=\"lazy\" decoding=\"async\" width=\"1024\" height=\"576\" class=\"wp-block-cover__image-background wp-image-131 size-large\" alt=\"\" src=\"https:\/\/xn--terre-sculpte-terre-modele-mlcn.fr\/wp-content\/uploads\/2025\/05\/parcours001-1024x576.png\" style=\"object-position:44% 58%\" data-object-fit=\"cover\" data-object-position=\"44% 58%\" srcset=\"https:\/\/xn--terre-sculpte-terre-modele-mlcn.fr\/wp-content\/uploads\/2025\/05\/parcours001-1024x576.png 1024w, https:\/\/xn--terre-sculpte-terre-modele-mlcn.fr\/wp-content\/uploads\/2025\/05\/parcours001-300x169.png 300w, https:\/\/xn--terre-sculpte-terre-modele-mlcn.fr\/wp-content\/uploads\/2025\/05\/parcours001-768x432.png 768w, https:\/\/xn--terre-sculpte-terre-modele-mlcn.fr\/wp-content\/uploads\/2025\/05\/parcours001-1536x864.png 1536w, https:\/\/xn--terre-sculpte-terre-modele-mlcn.fr\/wp-content\/uploads\/2025\/05\/parcours001-2048x1152.png 2048w\" sizes=\"auto, (max-width: 1024px) 100vw, 1024px\" \/><span aria-hidden=\"true\" class=\"wp-block-cover__background has-background-dim-0 has-background-dim\" style=\"background-color:#141414\"><\/span><div class=\"wp-block-cover__inner-container is-layout-flow wp-block-cover-is-layout-flow\">\n<div class=\"wp-block-group wp-container-content-9cfa9a5a is-vertical is-nowrap is-layout-flex wp-container-core-group-is-layout-2890af74 wp-block-group-is-layout-flex\">\n<p><\/p>\n<\/div>\n<\/div><\/div>\n\n\n\n<div class=\"wp-block-group alignfull has-global-padding is-layout-constrained wp-block-group-is-layout-constrained\" style=\"margin-top:0;margin-bottom:0\">\n<div class=\"wp-block-group alignwide is-layout-flow wp-container-core-group-is-layout-d58a0413 wp-block-group-is-layout-flow\" style=\"padding-top:var(--wp--preset--spacing--50);padding-bottom:var(--wp--preset--spacing--50)\">\n<h2 class=\"wp-block-heading has-x-large-font-size\">Quel est mon parcours ?<\/h2>\n\n\n\n<div class=\"wp-block-columns is-layout-flex wp-container-core-columns-is-layout-cbe57604 wp-block-columns-is-layout-flex\">\n<div class=\"wp-block-column is-layout-flow wp-block-column-is-layout-flow\">\n<div class=\"wp-block-group is-layout-flow wp-block-group-is-layout-flow\" style=\"border-top-color:var(--wp--preset--color--accent-6);border-top-width:1px;padding-top:var(--wp--preset--spacing--30);padding-bottom:var(--wp--preset--spacing--30)\">\n<h3 class=\"wp-block-heading\">FORMATION<\/h3>\n\n\n\n<p class=\"has-medium-font-size\">1992\/1998 : Formation au modelage (sculpture) chez Monique SIDELSKY,sculptrice et fondatrice de l\u2019atelier <em>Le Cru et Le Cuit<\/em><\/p>\n\n\n\n<p class=\"has-medium-font-size\">1998 : Dipl\u00f4me d\u2019animateur d\u2019atelier de modelage (formation agr\u00e9\u00e9e dispens\u00e9e par M. SIDELSKY)<\/p>\n<\/div>\n<\/div>\n\n\n\n<div class=\"wp-block-column is-layout-flow wp-block-column-is-layout-flow\">\n<div class=\"wp-block-group is-layout-flow wp-block-group-is-layout-flow\" style=\"border-top-color:var(--wp--preset--color--accent-6);border-top-width:1px;padding-top:var(--wp--preset--spacing--30);padding-bottom:var(--wp--preset--spacing--30)\">\n<h3 class=\"wp-block-heading\">ANIMATION<\/h3>\n\n\n\n<p class=\"has-medium-font-size\">2025 : Cours de modelage (atelier priv\u00e9)<\/p>\n\n\n\n<p class=\"has-medium-font-size\">2024 Cr\u00e9ation de l\u2019atelier \u00ab&nbsp;Terre sculpt\u00e9e \u2013 Terre model\u00e9e&nbsp;\u00bb<\/p>\n\n\n\n<p class=\"has-medium-font-size\">Stage d\u2019\u00e9t\u00e9 enfants\/adultes (91-Corbeil)<\/p>\n\n\n\n<p class=\"has-medium-font-size\">Stage de printemps (04-Moustiers Ste Marie)<\/p>\n\n\n\n<p class=\"has-medium-font-size\">2010\/1998 Animations groupes du samedi (remplacements)<\/p>\n<\/div>\n<\/div>\n<\/div>\n\n\n\n<div class=\"wp-block-columns is-layout-flex wp-container-core-columns-is-layout-cbe57604 wp-block-columns-is-layout-flex\">\n<div class=\"wp-block-column is-layout-flow wp-block-column-is-layout-flow\">\n<div class=\"wp-block-group is-layout-flow wp-block-group-is-layout-flow\" style=\"border-top-color:var(--wp--preset--color--accent-6);border-top-width:1px;padding-top:var(--wp--preset--spacing--30);padding-bottom:var(--wp--preset--spacing--30)\">\n<h3 class=\"wp-block-heading\">EXPOSITIONS ARTISTIQUES<\/h3>\n\n\n\n<p class=\"has-medium-font-size\">2025 \u00ab&nbsp;Animal&nbsp;\u00bb &#8211; Th\u00e9\u00e2tre de Corbeil (91)<\/p>\n\n\n\n<p class=\"has-medium-font-size\">2024 \u00ab\u00a0Ombres et Lumi\u00e8res\u00a0\u00bb \u2013 Th\u00e9\u00e2tre de Corbeil<\/p>\n\n\n\n<p class=\"has-medium-font-size\">2018 Centre d\u2019Anim\u2019Arras \u2013 Paris 5<sup>\u00e8me<\/sup><\/p>\n\n\n\n<p class=\"has-medium-font-size\">2013 \u00ab&nbsp;Cr\u00e9er et Transmettre&nbsp;\u00bb Mairie du 5<sup>\u00e8me<\/sup> &#8211; Paris<\/p>\n\n\n\n<p class=\"has-medium-font-size\">2009 Galerie Lhomond \u2013 Paris 5<sup>\u00e8me<\/sup><\/p>\n\n\n\n<p class=\"has-medium-font-size\">2008 \u00ab&nbsp;Des sculptures et leurs cr\u00e9ateurs\u2026&nbsp;\u00bb &#8211; Tth\u00e9atre Mouffetard &#8211; Paris<\/p>\n\n\n\n<p class=\"has-medium-font-size\">2006 \u00ab\u00a0Les belles chaises\u00a0\u00bb &#8211; Nantes<\/p>\n\n\n\n<p class=\"has-medium-font-size\">2002  Paris Espace Alleray &#8211; France T\u00e9l\u00e9com (si\u00e8ge) \u2013 Paris<\/p>\n\n\n\n<p class=\"has-medium-font-size\">1999 \u00ab&nbsp;Colloque sculpture et neurosciences&nbsp;\u00bb &#8211; CNRS \u2013 Paris<\/p>\n\n\n\n<p class=\"has-medium-font-size\">1996 La formation artistique&nbsp;: sa place dans notre mode de vie actuelle Biblioth\u00e8que Buffon\/Jardin des Plantes \u2013 Paris<\/p>\n\n\n\n<p class=\"has-medium-font-size\">1993 Les 20 ans de l\u2019atelier \u00ab\u00a0Le Cru et le Cuit\u00a0\u00bb &#8211; Mairie du 5<sup>\u00e8me<\/sup> \u2013 Paris<\/p>\n<\/div>\n<\/div>\n<\/div>\n<\/div>\n<\/div>\n\n\n\n<p><\/p>\n","protected":false},"excerpt":{"rendered":"<p>Quel est mon parcours ? FORMATION 1992\/1998 : Formation au modelage (sculpture) chez Monique SIDELSKY,sculptrice et fondatrice de l\u2019atelier Le Cru et Le Cuit 1998 : Dipl\u00f4me d\u2019animateur d\u2019atelier de modelage (formation agr\u00e9\u00e9e dispens\u00e9e par M. SIDELSKY) ANIMATION 2025 : Cours de modelage (atelier priv\u00e9) 2024 Cr\u00e9ation de l\u2019atelier \u00ab&nbsp;Terre sculpt\u00e9e \u2013 Terre model\u00e9e&nbsp;\u00bb Stage [&hellip;]<\/p>\n","protected":false},"author":1,"featured_media":0,"parent":0,"menu_order":0,"comment_status":"closed","ping_status":"closed","template":"page-no-title","meta":{"footnotes":""},"class_list":["post-25","page","type-page","status-publish","hentry"],"_links":{"self":[{"href":"https:\/\/xn--terre-sculpte-terre-modele-mlcn.fr\/index.php?rest_route=\/wp\/v2\/pages\/25","targetHints":{"allow":["GET"]}}],"collection":[{"href":"https:\/\/xn--terre-sculpte-terre-modele-mlcn.fr\/index.php?rest_route=\/wp\/v2\/pages"}],"about":[{"href":"https:\/\/xn--terre-sculpte-terre-modele-mlcn.fr\/index.php?rest_route=\/wp\/v2\/types\/page"}],"author":[{"embeddable":true,"href":"https:\/\/xn--terre-sculpte-terre-modele-mlcn.fr\/index.php?rest_route=\/wp\/v2\/users\/1"}],"replies":[{"embeddable":true,"href":"https:\/\/xn--terre-sculpte-terre-modele-mlcn.fr\/index.php?rest_route=%2Fwp%2Fv2%2Fcomments&post=25"}],"version-history":[{"count":17,"href":"https:\/\/xn--terre-sculpte-terre-modele-mlcn.fr\/index.php?rest_route=\/wp\/v2\/pages\/25\/revisions"}],"predecessor-version":[{"id":235,"href":"https:\/\/xn--terre-sculpte-terre-modele-mlcn.fr\/index.php?rest_route=\/wp\/v2\/pages\/25\/revisions\/235"}],"wp:attachment":[{"href":"https:\/\/xn--terre-sculpte-terre-modele-mlcn.fr\/index.php?rest_route=%2Fwp%2Fv2%2Fmedia&parent=25"}],"curies":[{"name":"wp","href":"https:\/\/api.w.org\/{rel}","templated":true}]}}